{"id":1869,"date":"2025-08-25T08:24:14","date_gmt":"2025-08-25T08:24:14","guid":{"rendered":"https:\/\/olgatest.ffhouses.com\/?page_id=1869"},"modified":"2025-08-26T10:30:32","modified_gmt":"2025-08-26T10:30:32","slug":"about","status":"publish","type":"page","link":"https:\/\/olgatest.ffhouses.com\/fi\/about\/","title":{"rendered":"About Us"},"content":{"rendered":"<div data-elementor-type=\"wp-page\" data-elementor-id=\"1869\" class=\"elementor elementor-1869\" data-elementor-post-type=\"page\">\n\t\t\t\t<div class=\"elementor-element elementor-element-15ccb97 e-con-full e-flex e-con e-parent\" data-id=\"15ccb97\" data-element_type=\"container\" data-e-type=\"container\" data-settings=\"{&quot;background_background&quot;:&quot;classic&quot;}\">\n\t\t<div class=\"elementor-element elementor-element-8b9f729 e-con-full e-flex e-con e-child\" data-id=\"8b9f729\" data-element_type=\"container\" data-e-type=\"container\" data-settings=\"{&quot;background_background&quot;:&quot;classic&quot;}\">\n\t\t\t\t<div class=\"elementor-element elementor-element-87626a3 elementor-widget__width-inherit elementor-widget-mobile__width-inherit elementor-widget elementor-widget-heading\" data-id=\"87626a3\" data-element_type=\"widget\" data-e-type=\"widget\" data-widget_type=\"heading.default\">\n\t\t\t\t<div class=\"elementor-widget-container\">\n\t\t\t\t\t<h1 class=\"elementor-heading-title elementor-size-default\">Tarinamme<\/h1>\t\t\t\t<\/div>\n\t\t\t\t<\/div>\n\t\t\t\t<\/div>\n\t\t<div class=\"elementor-element elementor-element-b8787d6 e-con-full e-flex e-con e-child\" data-id=\"b8787d6\" data-element_type=\"container\" data-e-type=\"container\" data-settings=\"{&quot;background_background&quot;:&quot;classic&quot;}\">\n\t\t\t\t<div class=\"elementor-element elementor-element-3ecdf40 elementor-widget elementor-widget-heading\" data-id=\"3ecdf40\" data-element_type=\"widget\" data-e-type=\"widget\" data-widget_type=\"heading.default\">\n\t\t\t\t<div class=\"elementor-widget-container\">\n\t\t\t\t\t<h2 class=\"elementor-heading-title elementor-size-default\">FF Houses sai alkunsa visiosta uudistaa pientaloteollisuutta. Yrityksen perusti Illimar, jolla on yli 15 vuoden kokemus talojen valmistuksesta. Toimiessaan p\u00e4\u00e4valmistuskumppanina yhdelle arvostetuimmista pientalobr\u00e4ndeist\u00e4 Illimar n\u00e4ki alalla olevat rajoitukset ja t\u00e4ytt\u00e4m\u00e4tt\u00f6m\u00e4t tarpeet. Tavoitteenaan korjata n\u00e4m\u00e4 puutteet h\u00e4n kokosi huippuluokan suunnittelijoiden ja insin\u00f6\u00f6rien tiimin luodakseen t\u00e4ydellisen pientalon. H\u00e4nen selke\u00e4 tavoitteensa oli suunnitella virheet\u00f6n, kannettava koti, joka voidaan pystytt\u00e4\u00e4 miss\u00e4 tahansa maailmassa tunneissa ja joka on varustettu 5 vuoden takuulla \u2013 osoituksena sen vertaansa vailla olevasta laadusta.<\/h2>\t\t\t\t<\/div>\n\t\t\t\t<\/div>\n\t\t\t\t<div class=\"elementor-element elementor-element-937de42 elementor-widget elementor-widget-heading\" data-id=\"937de42\" data-element_type=\"widget\" data-e-type=\"widget\" data-widget_type=\"heading.default\">\n\t\t\t\t<div class=\"elementor-widget-container\">\n\t\t\t\t\t<h2 class=\"elementor-heading-title elementor-size-default\">H\u00e4nt\u00e4 tukee Martti, joka johtaa Viron suurinta kodinasuunnitteluun erikoistunutta arkkitehtitoimistoa. Yli 600 suunnitellun ja rakennetun kodin vaikuttavalla portfoliolla Martti tuo mukanaan laajan osaamisen vahvojen kansainv\u00e4listen br\u00e4ndien rakentamisesta ja poikkeuksellisen laadukkaan palvelun tarjoamisesta mittakaavasta riippumatta. Yhdess\u00e4 he johtavat FF Housesia tarjotakseen ylellisi\u00e4, muokattavia pientaloja, jotka yhdist\u00e4v\u00e4t hienostuneen muotoilun huipputeknologiaan ja kest\u00e4v\u00e4\u00e4n k\u00e4yt\u00e4nt\u00f6\u00f6n. T\u00e4m\u00e4 kumppanuus edustaa t\u00e4ydellist\u00e4 yhdistelm\u00e4\u00e4 valmistusosaamista ja arkkitehtonista huippuosaamista, ja vie FF Housesia kohti tulevaisuutta, jossa pienimuotoinen asuminen ei tingi mukavuudesta eik\u00e4 laadusta.<\/h2>\t\t\t\t<\/div>\n\t\t\t\t<\/div>\n\t\t\t\t<\/div>\n\t\t\t\t<\/div>\n\t\t<div class=\"elementor-element elementor-element-0eb49be e-con-full e-flex e-con e-parent\" data-id=\"0eb49be\" data-element_type=\"container\" data-e-type=\"container\" data-settings=\"{&quot;background_background&quot;:&quot;classic&quot;}\">\n\t\t<div class=\"elementor-element elementor-element-243ef48 e-con-full e-flex e-con e-child\" data-id=\"243ef48\" data-element_type=\"container\" data-e-type=\"container\" data-settings=\"{&quot;background_background&quot;:&quot;classic&quot;}\">\n\t\t<div class=\"elementor-element elementor-element-0e1a324 e-grid e-con-boxed e-con e-child\" data-id=\"0e1a324\" data-element_type=\"container\" data-e-type=\"container\">\n\t\t\t\t\t<div class=\"e-con-inner\">\n\t\t<div class=\"elementor-element elementor-element-b0f7ab3 e-flex e-con-boxed e-con e-child\" data-id=\"b0f7ab3\" data-element_type=\"container\" data-e-type=\"container\">\n\t\t\t\t\t<div class=\"e-con-inner\">\n\t\t\t\t<div class=\"elementor-element elementor-element-96bdca5 elementor-widget elementor-widget-image\" data-id=\"96bdca5\" data-element_type=\"widget\" data-e-type=\"widget\" data-widget_type=\"image.default\">\n\t\t\t\t<div class=\"elementor-widget-container\">\n\t\t\t\t\t\t\t\t\t\t\t\t\t\t\t<img fetchpriority=\"high\" decoding=\"async\" width=\"500\" height=\"500\" src=\"https:\/\/olgatest.ffhouses.com\/wp-content\/uploads\/2024\/05\/Illimar.jpg\" class=\"attachment-large size-large wp-image-1497\" alt=\"\" srcset=\"https:\/\/olgatest.ffhouses.com\/wp-content\/uploads\/2024\/05\/Illimar.jpg 500w, https:\/\/olgatest.ffhouses.com\/wp-content\/uploads\/2024\/05\/Illimar-300x300.jpg 300w, https:\/\/olgatest.ffhouses.com\/wp-content\/uploads\/2024\/05\/Illimar-150x150.jpg 150w\" sizes=\"(max-width: 500px) 100vw, 500px\" \/>\t\t\t\t\t\t\t\t\t\t\t\t\t\t\t<\/div>\n\t\t\t\t<\/div>\n\t\t\t\t<div class=\"elementor-element elementor-element-4e1e26d elementor-widget elementor-widget-heading\" data-id=\"4e1e26d\" data-element_type=\"widget\" data-e-type=\"widget\" data-widget_type=\"heading.default\">\n\t\t\t\t<div class=\"elementor-widget-container\">\n\t\t\t\t\t<h2 class=\"elementor-heading-title elementor-size-default\">Illimar Libe<\/h2>\t\t\t\t<\/div>\n\t\t\t\t<\/div>\n\t\t\t\t<div class=\"elementor-element elementor-element-fc85ec4 elementor-widget elementor-widget-heading\" data-id=\"fc85ec4\" data-element_type=\"widget\" data-e-type=\"widget\" data-widget_type=\"heading.default\">\n\t\t\t\t<div class=\"elementor-widget-container\">\n\t\t\t\t\t<h2 class=\"elementor-heading-title elementor-size-default\">Perustaja ja toimitusjohtaja, valmistus<\/h2>\t\t\t\t<\/div>\n\t\t\t\t<\/div>\n\t\t\t\t<div class=\"elementor-element elementor-element-dd1b2cd elementor-shape-circle elementor-grid-0 e-grid-align-center elementor-widget elementor-widget-social-icons\" data-id=\"dd1b2cd\" data-element_type=\"widget\" data-e-type=\"widget\" data-widget_type=\"social-icons.default\">\n\t\t\t\t<div class=\"elementor-widget-container\">\n\t\t\t\t\t\t\t<div class=\"elementor-social-icons-wrapper elementor-grid\" role=\"list\">\n\t\t\t\t\t\t\t<span class=\"elementor-grid-item\" role=\"listitem\">\n\t\t\t\t\t<a class=\"elementor-icon elementor-social-icon elementor-social-icon-whatsapp elementor-repeater-item-bd323c8\" href=\"https:\/\/api.whatsapp.com\/send?phone=37251906502\" target=\"_blank\">\n\t\t\t\t\t\t<span class=\"elementor-screen-only\">Whatsapp<\/span>\n\t\t\t\t\t\t<svg aria-hidden=\"true\" class=\"e-font-icon-svg e-fab-whatsapp\" viewbox=\"0 0 448 512\" xmlns=\"http:\/\/www.w3.org\/2000\/svg\"><path d=\"M380.9 97.1C339 55.1 283.2 32 223.9 32c-122.4 0-222 99.6-222 222 0 39.1 10.2 77.3 29.6 111L0 480l117.7-30.9c32.4 17.7 68.9 27 106.1 27h.1c122.3 0 224.1-99.6 224.1-222 0-59.3-25.2-115-67.1-157zm-157 341.6c-33.2 0-65.7-8.9-94-25.7l-6.7-4-69.8 18.3L72 359.2l-4.4-7c-18.5-29.4-28.2-63.3-28.2-98.2 0-101.7 82.8-184.5 184.6-184.5 49.3 0 95.6 19.2 130.4 54.1 34.8 34.9 56.2 81.2 56.1 130.5 0 101.8-84.9 184.6-186.6 184.6zm101.2-138.2c-5.5-2.8-32.8-16.2-37.9-18-5.1-1.9-8.8-2.8-12.5 2.8-3.7 5.6-14.3 18-17.6 21.8-3.2 3.7-6.5 4.2-12 1.4-32.6-16.3-54-29.1-75.5-66-5.7-9.8 5.7-9.1 16.3-30.3 1.8-3.7.9-6.9-.5-9.7-1.4-2.8-12.5-30.1-17.1-41.2-4.5-10.8-9.1-9.3-12.5-9.5-3.2-.2-6.9-.2-10.6-.2-3.7 0-9.7 1.4-14.8 6.9-5.1 5.6-19.4 19-19.4 46.3 0 27.3 19.9 53.7 22.6 57.4 2.8 3.7 39.1 59.7 94.8 83.8 35.2 15.2 49 16.5 66.6 13.9 10.7-1.6 32.8-13.4 37.4-26.4 4.6-13 4.6-24.1 3.2-26.4-1.3-2.5-5-3.9-10.5-6.6z\"><\/path><\/svg>\t\t\t\t\t<\/a>\n\t\t\t\t<\/span>\n\t\t\t\t\t\t\t<span class=\"elementor-grid-item\" role=\"listitem\">\n\t\t\t\t\t<a class=\"elementor-icon elementor-social-icon elementor-social-icon-envelope elementor-repeater-item-a2347f4\" href=\"mailto:info@ffhouses.eu\" target=\"_blank\">\n\t\t\t\t\t\t<span class=\"elementor-screen-only\">Envelope<\/span>\n\t\t\t\t\t\t<svg aria-hidden=\"true\" class=\"e-font-icon-svg e-fas-envelope\" viewbox=\"0 0 512 512\" xmlns=\"http:\/\/www.w3.org\/2000\/svg\"><path d=\"M502.3 190.8c3.9-3.1 9.7-.2 9.7 4.7V400c0 26.5-21.5 48-48 48H48c-26.5 0-48-21.5-48-48V195.6c0-5 5.7-7.8 9.7-4.7 22.4 17.4 52.1 39.5 154.1 113.6 21.1 15.4 56.7 47.8 92.2 47.6 35.7.3 72-32.8 92.3-47.6 102-74.1 131.6-96.3 154-113.7zM256 320c23.2.4 56.6-29.2 73.4-41.4 132.7-96.3 142.8-104.7 173.4-128.7 5.8-4.5 9.2-11.5 9.2-18.9v-19c0-26.5-21.5-48-48-48H48C21.5 64 0 85.5 0 112v19c0 7.4 3.4 14.3 9.2 18.9 30.6 23.9 40.7 32.4 173.4 128.7 16.8 12.2 50.2 41.8 73.4 41.4z\"><\/path><\/svg>\t\t\t\t\t<\/a>\n\t\t\t\t<\/span>\n\t\t\t\t\t\t\t<span class=\"elementor-grid-item\" role=\"listitem\">\n\t\t\t\t\t<a class=\"elementor-icon elementor-social-icon elementor-social-icon-phone elementor-repeater-item-2e4f940\" href=\"tel:+37251906502\" target=\"_blank\">\n\t\t\t\t\t\t<span class=\"elementor-screen-only\">Puhelin<\/span>\n\t\t\t\t\t\t<svg aria-hidden=\"true\" class=\"e-font-icon-svg e-fas-phone\" viewbox=\"0 0 512 512\" xmlns=\"http:\/\/www.w3.org\/2000\/svg\"><path d=\"M493.4 24.6l-104-24c-11.3-2.6-22.9 3.3-27.5 13.9l-48 112c-4.2 9.8-1.4 21.3 6.9 28l60.6 49.6c-36 76.7-98.9 140.5-177.2 177.2l-49.6-60.6c-6.8-8.3-18.2-11.1-28-6.9l-112 48C3.9 366.5-2 378.1.6 389.4l24 104C27.1 504.2 36.7 512 48 512c256.1 0 464-207.5 464-464 0-11.2-7.7-20.9-18.6-23.4z\"><\/path><\/svg>\t\t\t\t\t<\/a>\n\t\t\t\t<\/span>\n\t\t\t\t\t<\/div>\n\t\t\t\t\t\t<\/div>\n\t\t\t\t<\/div>\n\t\t\t\t\t<\/div>\n\t\t\t\t<\/div>\n\t\t<div class=\"elementor-element elementor-element-e8333d9 e-flex e-con-boxed e-con e-child\" data-id=\"e8333d9\" data-element_type=\"container\" data-e-type=\"container\">\n\t\t\t\t\t<div class=\"e-con-inner\">\n\t\t\t\t<div class=\"elementor-element elementor-element-33dd860 elementor-widget elementor-widget-image\" data-id=\"33dd860\" data-element_type=\"widget\" data-e-type=\"widget\" data-widget_type=\"image.default\">\n\t\t\t\t<div class=\"elementor-widget-container\">\n\t\t\t\t\t\t\t\t\t\t\t\t\t\t\t<img decoding=\"async\" width=\"500\" height=\"500\" src=\"https:\/\/olgatest.ffhouses.com\/wp-content\/uploads\/2024\/05\/Martti.jpg\" class=\"attachment-large size-large wp-image-1498\" alt=\"\" srcset=\"https:\/\/olgatest.ffhouses.com\/wp-content\/uploads\/2024\/05\/Martti.jpg 500w, https:\/\/olgatest.ffhouses.com\/wp-content\/uploads\/2024\/05\/Martti-300x300.jpg 300w, https:\/\/olgatest.ffhouses.com\/wp-content\/uploads\/2024\/05\/Martti-150x150.jpg 150w\" sizes=\"(max-width: 500px) 100vw, 500px\" \/>\t\t\t\t\t\t\t\t\t\t\t\t\t\t\t<\/div>\n\t\t\t\t<\/div>\n\t\t\t\t<div class=\"elementor-element elementor-element-25f45ff elementor-widget elementor-widget-heading\" data-id=\"25f45ff\" data-element_type=\"widget\" data-e-type=\"widget\" data-widget_type=\"heading.default\">\n\t\t\t\t<div class=\"elementor-widget-container\">\n\t\t\t\t\t<h2 class=\"elementor-heading-title elementor-size-default\">Martti M\u00e4ger<\/h2>\t\t\t\t<\/div>\n\t\t\t\t<\/div>\n\t\t\t\t<div class=\"elementor-element elementor-element-2dd2267 elementor-widget elementor-widget-heading\" data-id=\"2dd2267\" data-element_type=\"widget\" data-e-type=\"widget\" data-widget_type=\"heading.default\">\n\t\t\t\t<div class=\"elementor-widget-container\">\n\t\t\t\t\t<h2 class=\"elementor-heading-title elementor-size-default\">Myynti\u2011 ja kumppanisuhdejohtaja<\/h2>\t\t\t\t<\/div>\n\t\t\t\t<\/div>\n\t\t\t\t<div class=\"elementor-element elementor-element-56d820b elementor-shape-circle elementor-grid-0 e-grid-align-center elementor-widget elementor-widget-social-icons\" data-id=\"56d820b\" data-element_type=\"widget\" data-e-type=\"widget\" data-widget_type=\"social-icons.default\">\n\t\t\t\t<div class=\"elementor-widget-container\">\n\t\t\t\t\t\t\t<div class=\"elementor-social-icons-wrapper elementor-grid\" role=\"list\">\n\t\t\t\t\t\t\t<span class=\"elementor-grid-item\" role=\"listitem\">\n\t\t\t\t\t<a class=\"elementor-icon elementor-social-icon elementor-social-icon-whatsapp elementor-repeater-item-bd323c8\" href=\"https:\/\/api.whatsapp.com\/send?phone=37256636672\" target=\"_blank\">\n\t\t\t\t\t\t<span class=\"elementor-screen-only\">Whatsapp<\/span>\n\t\t\t\t\t\t<svg aria-hidden=\"true\" class=\"e-font-icon-svg e-fab-whatsapp\" viewbox=\"0 0 448 512\" xmlns=\"http:\/\/www.w3.org\/2000\/svg\"><path d=\"M380.9 97.1C339 55.1 283.2 32 223.9 32c-122.4 0-222 99.6-222 222 0 39.1 10.2 77.3 29.6 111L0 480l117.7-30.9c32.4 17.7 68.9 27 106.1 27h.1c122.3 0 224.1-99.6 224.1-222 0-59.3-25.2-115-67.1-157zm-157 341.6c-33.2 0-65.7-8.9-94-25.7l-6.7-4-69.8 18.3L72 359.2l-4.4-7c-18.5-29.4-28.2-63.3-28.2-98.2 0-101.7 82.8-184.5 184.6-184.5 49.3 0 95.6 19.2 130.4 54.1 34.8 34.9 56.2 81.2 56.1 130.5 0 101.8-84.9 184.6-186.6 184.6zm101.2-138.2c-5.5-2.8-32.8-16.2-37.9-18-5.1-1.9-8.8-2.8-12.5 2.8-3.7 5.6-14.3 18-17.6 21.8-3.2 3.7-6.5 4.2-12 1.4-32.6-16.3-54-29.1-75.5-66-5.7-9.8 5.7-9.1 16.3-30.3 1.8-3.7.9-6.9-.5-9.7-1.4-2.8-12.5-30.1-17.1-41.2-4.5-10.8-9.1-9.3-12.5-9.5-3.2-.2-6.9-.2-10.6-.2-3.7 0-9.7 1.4-14.8 6.9-5.1 5.6-19.4 19-19.4 46.3 0 27.3 19.9 53.7 22.6 57.4 2.8 3.7 39.1 59.7 94.8 83.8 35.2 15.2 49 16.5 66.6 13.9 10.7-1.6 32.8-13.4 37.4-26.4 4.6-13 4.6-24.1 3.2-26.4-1.3-2.5-5-3.9-10.5-6.6z\"><\/path><\/svg>\t\t\t\t\t<\/a>\n\t\t\t\t<\/span>\n\t\t\t\t\t\t\t<span class=\"elementor-grid-item\" role=\"listitem\">\n\t\t\t\t\t<a class=\"elementor-icon elementor-social-icon elementor-social-icon-envelope elementor-repeater-item-a2347f4\" href=\"mailto:info@ffhouses.eu\" target=\"_blank\">\n\t\t\t\t\t\t<span class=\"elementor-screen-only\">Envelope<\/span>\n\t\t\t\t\t\t<svg aria-hidden=\"true\" class=\"e-font-icon-svg e-fas-envelope\" viewbox=\"0 0 512 512\" xmlns=\"http:\/\/www.w3.org\/2000\/svg\"><path d=\"M502.3 190.8c3.9-3.1 9.7-.2 9.7 4.7V400c0 26.5-21.5 48-48 48H48c-26.5 0-48-21.5-48-48V195.6c0-5 5.7-7.8 9.7-4.7 22.4 17.4 52.1 39.5 154.1 113.6 21.1 15.4 56.7 47.8 92.2 47.6 35.7.3 72-32.8 92.3-47.6 102-74.1 131.6-96.3 154-113.7zM256 320c23.2.4 56.6-29.2 73.4-41.4 132.7-96.3 142.8-104.7 173.4-128.7 5.8-4.5 9.2-11.5 9.2-18.9v-19c0-26.5-21.5-48-48-48H48C21.5 64 0 85.5 0 112v19c0 7.4 3.4 14.3 9.2 18.9 30.6 23.9 40.7 32.4 173.4 128.7 16.8 12.2 50.2 41.8 73.4 41.4z\"><\/path><\/svg>\t\t\t\t\t<\/a>\n\t\t\t\t<\/span>\n\t\t\t\t\t<\/div>\n\t\t\t\t\t\t<\/div>\n\t\t\t\t<\/div>\n\t\t\t\t\t<\/div>\n\t\t\t\t<\/div>\n\t\t\t\t\t<\/div>\n\t\t\t\t<\/div>\n\t\t\t\t<\/div>\n\t\t<div class=\"elementor-element elementor-element-537f805 e-con-full e-flex e-con e-child\" data-id=\"537f805\" data-element_type=\"container\" data-e-type=\"container\" data-settings=\"{&quot;background_background&quot;:&quot;classic&quot;}\">\n\t\t\t\t<div class=\"elementor-element elementor-element-418e67e elementor-widget__width-inherit elementor-widget-mobile__width-inherit elementor-widget elementor-widget-heading\" data-id=\"418e67e\" data-element_type=\"widget\" data-e-type=\"widget\" data-widget_type=\"heading.default\">\n\t\t\t\t<div class=\"elementor-widget-container\">\n\t\t\t\t\t<h1 class=\"elementor-heading-title elementor-size-default\">Tapaa tiimi<\/h1>\t\t\t\t<\/div>\n\t\t\t\t<\/div>\n\t\t\t\t<div class=\"elementor-element elementor-element-95e0d94 elementor-widget elementor-widget-heading\" data-id=\"95e0d94\" data-element_type=\"widget\" data-e-type=\"widget\" data-widget_type=\"heading.default\">\n\t\t\t\t<div class=\"elementor-widget-container\">\n\t\t\t\t\t<h2 class=\"elementor-heading-title elementor-size-default\">Tapaa FF Housesin tiimi, innovatiiviset kehitt\u00e4j\u00e4t FF\u00a0Luxe\u00a020:n takana. Asiantuntijamme erikoistuvat muotoiluun, teknologiaan ja kest\u00e4vyyteen varmistaen, ett\u00e4 jokainen pientalo tarjoaa ylellisyytt\u00e4, muokattavuutta ja mukavuutta ymp\u00e4ri vuoden.<\/h2>\t\t\t\t<\/div>\n\t\t\t\t<\/div>\n\t\t\t\t<div class=\"elementor-element elementor-element-994b129 elementor-widget elementor-widget-heading\" data-id=\"994b129\" data-element_type=\"widget\" data-e-type=\"widget\" data-widget_type=\"heading.default\">\n\t\t\t\t<div class=\"elementor-widget-container\">\n\t\t\t\t\t<h2 class=\"elementor-heading-title elementor-size-default\">Laajennamme toimintaamme ja kutsumme kumppaneita mukaan uudistamaan asumista. Kumppanuusmahdollisuutemme tarjoavat merkitt\u00e4vi\u00e4 etuja, kuten yksinomaiset markkinointioikeudet ja laajan tuen, mik\u00e4 sopii erinomaisesti kiinteist\u00f6\u2011 ja vapaa\u2011ajan alan toimijoille. FF Housesin kanssa astut \u00e4lykk\u00e4\u00e4n ja kest\u00e4v\u00e4n asumisen tulevaisuuteen.<\/h2>\t\t\t\t<\/div>\n\t\t\t\t<\/div>\n\t\t\t\t<\/div>\n\t\t\t\t<\/div>\n\t\t\t\t<\/div>","protected":false},"excerpt":{"rendered":"<p>Our Story FF Houses was born from a vision to revolutionize the tiny home industry, founded by Illimar, a seasoned expert with over 15 years in house manufacturing. Having served as the lead manufacturing partner for one of the most reputable tiny home brands, Illimar observed firsthand the limitations and unmet needs within the industry. [&hellip;]<\/p>\n","protected":false},"author":3,"featured_media":0,"parent":0,"menu_order":0,"comment_status":"closed","ping_status":"closed","template":"elementor_header_footer","meta":{"footnotes":""},"class_list":["post-1869","page","type-page","status-publish","hentry"],"yoast_head":"<!-- This site is optimized with the Yoast SEO plugin v27.3 - https:\/\/yoast.com\/product\/yoast-seo-wordpress\/ -->\n<title>About Us - FF Houses<\/title>\n<meta name=\"robots\" content=\"noindex, follow, max-snippet:-1, max-image-preview:large, max-video-preview:-1\" \/>\n<meta property=\"og:locale\" content=\"fi_FI\" \/>\n<meta property=\"og:type\" content=\"article\" \/>\n<meta property=\"og:title\" content=\"About Us - FF Houses\" \/>\n<meta property=\"og:description\" content=\"Our Story FF Houses was born from a vision to revolutionize the tiny home industry, founded by Illimar, a seasoned expert with over 15 years in house manufacturing. Having served as the lead manufacturing partner for one of the most reputable tiny home brands, Illimar observed firsthand the limitations and unmet needs within the industry. [&hellip;]\" \/>\n<meta property=\"og:url\" content=\"https:\/\/olgatest.ffhouses.com\/fi\/about\/\" \/>\n<meta property=\"og:site_name\" content=\"FF Houses\" \/>\n<meta property=\"article:modified_time\" content=\"2025-08-26T10:30:32+00:00\" \/>\n<meta property=\"og:image\" content=\"https:\/\/olgatest.ffhouses.com\/wp-content\/uploads\/2024\/05\/Illimar.jpg\" \/>\n\t<meta property=\"og:image:width\" content=\"500\" \/>\n\t<meta property=\"og:image:height\" content=\"500\" \/>\n\t<meta property=\"og:image:type\" content=\"image\/jpeg\" \/>\n<meta name=\"twitter:card\" content=\"summary_large_image\" \/>\n<meta name=\"twitter:label1\" content=\"Arvioitu lukuaika\" \/>\n\t<meta name=\"twitter:data1\" content=\"2 minuuttia\" \/>\n<script type=\"application\/ld+json\" class=\"yoast-schema-graph\">{\"@context\":\"https:\\\/\\\/schema.org\",\"@graph\":[{\"@type\":\"WebPage\",\"@id\":\"https:\\\/\\\/olgatest.ffhouses.com\\\/about\\\/\",\"url\":\"https:\\\/\\\/olgatest.ffhouses.com\\\/about\\\/\",\"name\":\"About Us - FF Houses\",\"isPartOf\":{\"@id\":\"https:\\\/\\\/olgatest.ffhouses.com\\\/#website\"},\"primaryImageOfPage\":{\"@id\":\"https:\\\/\\\/olgatest.ffhouses.com\\\/about\\\/#primaryimage\"},\"image\":{\"@id\":\"https:\\\/\\\/olgatest.ffhouses.com\\\/about\\\/#primaryimage\"},\"thumbnailUrl\":\"https:\\\/\\\/olgatest.ffhouses.com\\\/wp-content\\\/uploads\\\/2024\\\/05\\\/Illimar.jpg\",\"datePublished\":\"2025-08-25T08:24:14+00:00\",\"dateModified\":\"2025-08-26T10:30:32+00:00\",\"breadcrumb\":{\"@id\":\"https:\\\/\\\/olgatest.ffhouses.com\\\/about\\\/#breadcrumb\"},\"inLanguage\":\"fi\",\"potentialAction\":[{\"@type\":\"ReadAction\",\"target\":[\"https:\\\/\\\/olgatest.ffhouses.com\\\/about\\\/\"]}]},{\"@type\":\"ImageObject\",\"inLanguage\":\"fi\",\"@id\":\"https:\\\/\\\/olgatest.ffhouses.com\\\/about\\\/#primaryimage\",\"url\":\"https:\\\/\\\/olgatest.ffhouses.com\\\/wp-content\\\/uploads\\\/2024\\\/05\\\/Illimar.jpg\",\"contentUrl\":\"https:\\\/\\\/olgatest.ffhouses.com\\\/wp-content\\\/uploads\\\/2024\\\/05\\\/Illimar.jpg\"},{\"@type\":\"BreadcrumbList\",\"@id\":\"https:\\\/\\\/olgatest.ffhouses.com\\\/about\\\/#breadcrumb\",\"itemListElement\":[{\"@type\":\"ListItem\",\"position\":1,\"name\":\"Home\",\"item\":\"https:\\\/\\\/olgatest.ffhouses.com\\\/\"},{\"@type\":\"ListItem\",\"position\":2,\"name\":\"About Us\"}]},{\"@type\":\"WebSite\",\"@id\":\"https:\\\/\\\/olgatest.ffhouses.com\\\/#website\",\"url\":\"https:\\\/\\\/olgatest.ffhouses.com\\\/\",\"name\":\"FF Houses\",\"description\":\"Feel the Freedom\",\"publisher\":{\"@id\":\"https:\\\/\\\/olgatest.ffhouses.com\\\/#organization\"},\"potentialAction\":[{\"@type\":\"SearchAction\",\"target\":{\"@type\":\"EntryPoint\",\"urlTemplate\":\"https:\\\/\\\/olgatest.ffhouses.com\\\/?s={search_term_string}\"},\"query-input\":{\"@type\":\"PropertyValueSpecification\",\"valueRequired\":true,\"valueName\":\"search_term_string\"}}],\"inLanguage\":\"fi\"},{\"@type\":\"Organization\",\"@id\":\"https:\\\/\\\/olgatest.ffhouses.com\\\/#organization\",\"name\":\"FF Houses\",\"url\":\"https:\\\/\\\/olgatest.ffhouses.com\\\/\",\"logo\":{\"@type\":\"ImageObject\",\"inLanguage\":\"fi\",\"@id\":\"https:\\\/\\\/olgatest.ffhouses.com\\\/#\\\/schema\\\/logo\\\/image\\\/\",\"url\":\"https:\\\/\\\/olgatest.ffhouses.com\\\/wp-content\\\/uploads\\\/2024\\\/04\\\/cropped-ff-houses-logo-small-black.jpg\",\"contentUrl\":\"https:\\\/\\\/olgatest.ffhouses.com\\\/wp-content\\\/uploads\\\/2024\\\/04\\\/cropped-ff-houses-logo-small-black.jpg\",\"width\":512,\"height\":512,\"caption\":\"FF Houses\"},\"image\":{\"@id\":\"https:\\\/\\\/olgatest.ffhouses.com\\\/#\\\/schema\\\/logo\\\/image\\\/\"}}]}<\/script>\n<!-- \/ Yoast SEO plugin. -->","yoast_head_json":{"title":"About Us - FF Houses","robots":{"index":"noindex","follow":"follow","max-snippet":"max-snippet:-1","max-image-preview":"max-image-preview:large","max-video-preview":"max-video-preview:-1"},"og_locale":"fi_FI","og_type":"article","og_title":"About Us - FF Houses","og_description":"Our Story FF Houses was born from a vision to revolutionize the tiny home industry, founded by Illimar, a seasoned expert with over 15 years in house manufacturing. Having served as the lead manufacturing partner for one of the most reputable tiny home brands, Illimar observed firsthand the limitations and unmet needs within the industry. [&hellip;]","og_url":"https:\/\/olgatest.ffhouses.com\/fi\/about\/","og_site_name":"FF Houses","article_modified_time":"2025-08-26T10:30:32+00:00","og_image":[{"width":500,"height":500,"url":"https:\/\/olgatest.ffhouses.com\/wp-content\/uploads\/2024\/05\/Illimar.jpg","type":"image\/jpeg"}],"twitter_card":"summary_large_image","twitter_misc":{"Arvioitu lukuaika":"2 minuuttia"},"schema":{"@context":"https:\/\/schema.org","@graph":[{"@type":"WebPage","@id":"https:\/\/olgatest.ffhouses.com\/about\/","url":"https:\/\/olgatest.ffhouses.com\/about\/","name":"About Us - FF Houses","isPartOf":{"@id":"https:\/\/olgatest.ffhouses.com\/#website"},"primaryImageOfPage":{"@id":"https:\/\/olgatest.ffhouses.com\/about\/#primaryimage"},"image":{"@id":"https:\/\/olgatest.ffhouses.com\/about\/#primaryimage"},"thumbnailUrl":"https:\/\/olgatest.ffhouses.com\/wp-content\/uploads\/2024\/05\/Illimar.jpg","datePublished":"2025-08-25T08:24:14+00:00","dateModified":"2025-08-26T10:30:32+00:00","breadcrumb":{"@id":"https:\/\/olgatest.ffhouses.com\/about\/#breadcrumb"},"inLanguage":"fi","potentialAction":[{"@type":"ReadAction","target":["https:\/\/olgatest.ffhouses.com\/about\/"]}]},{"@type":"ImageObject","inLanguage":"fi","@id":"https:\/\/olgatest.ffhouses.com\/about\/#primaryimage","url":"https:\/\/olgatest.ffhouses.com\/wp-content\/uploads\/2024\/05\/Illimar.jpg","contentUrl":"https:\/\/olgatest.ffhouses.com\/wp-content\/uploads\/2024\/05\/Illimar.jpg"},{"@type":"BreadcrumbList","@id":"https:\/\/olgatest.ffhouses.com\/about\/#breadcrumb","itemListElement":[{"@type":"ListItem","position":1,"name":"Home","item":"https:\/\/olgatest.ffhouses.com\/"},{"@type":"ListItem","position":2,"name":"About Us"}]},{"@type":"WebSite","@id":"https:\/\/olgatest.ffhouses.com\/#website","url":"https:\/\/olgatest.ffhouses.com\/","name":"FF Houses","description":"Feel the Freedom","publisher":{"@id":"https:\/\/olgatest.ffhouses.com\/#organization"},"potentialAction":[{"@type":"SearchAction","target":{"@type":"EntryPoint","urlTemplate":"https:\/\/olgatest.ffhouses.com\/?s={search_term_string}"},"query-input":{"@type":"PropertyValueSpecification","valueRequired":true,"valueName":"search_term_string"}}],"inLanguage":"fi"},{"@type":"Organization","@id":"https:\/\/olgatest.ffhouses.com\/#organization","name":"FF Houses","url":"https:\/\/olgatest.ffhouses.com\/","logo":{"@type":"ImageObject","inLanguage":"fi","@id":"https:\/\/olgatest.ffhouses.com\/#\/schema\/logo\/image\/","url":"https:\/\/olgatest.ffhouses.com\/wp-content\/uploads\/2024\/04\/cropped-ff-houses-logo-small-black.jpg","contentUrl":"https:\/\/olgatest.ffhouses.com\/wp-content\/uploads\/2024\/04\/cropped-ff-houses-logo-small-black.jpg","width":512,"height":512,"caption":"FF Houses"},"image":{"@id":"https:\/\/olgatest.ffhouses.com\/#\/schema\/logo\/image\/"}}]}},"_links":{"self":[{"href":"https:\/\/olgatest.ffhouses.com\/fi\/wp-json\/wp\/v2\/pages\/1869","targetHints":{"allow":["GET"]}}],"collection":[{"href":"https:\/\/olgatest.ffhouses.com\/fi\/wp-json\/wp\/v2\/pages"}],"about":[{"href":"https:\/\/olgatest.ffhouses.com\/fi\/wp-json\/wp\/v2\/types\/page"}],"author":[{"embeddable":true,"href":"https:\/\/olgatest.ffhouses.com\/fi\/wp-json\/wp\/v2\/users\/3"}],"replies":[{"embeddable":true,"href":"https:\/\/olgatest.ffhouses.com\/fi\/wp-json\/wp\/v2\/comments?post=1869"}],"version-history":[{"count":14,"href":"https:\/\/olgatest.ffhouses.com\/fi\/wp-json\/wp\/v2\/pages\/1869\/revisions"}],"predecessor-version":[{"id":1926,"href":"https:\/\/olgatest.ffhouses.com\/fi\/wp-json\/wp\/v2\/pages\/1869\/revisions\/1926"}],"wp:attachment":[{"href":"https:\/\/olgatest.ffhouses.com\/fi\/wp-json\/wp\/v2\/media?parent=1869"}],"curies":[{"name":"wp","href":"https:\/\/api.w.org\/{rel}","templated":true}]}}